{"id":822,"date":"2013-04-28T10:07:20","date_gmt":"2013-04-28T10:07:20","guid":{"rendered":"http:\/\/kreativ.scrapastic.com\/?page_id=822"},"modified":"2013-04-28T10:15:57","modified_gmt":"2013-04-28T10:15:57","slug":"hintergrundgestaltung","status":"publish","type":"page","link":"https:\/\/kreativ.scrapastic.com\/?page_id=822","title":{"rendered":"Hintergrundgestaltung"},"content":{"rendered":"<p>Haben wie jehmals gen\u00fcgend Kartenhintergr\u00fcnde?<br \/>\nAlso ich nicht.<br \/>\nMachen wir also Kartenhintergr\u00fcnde \ud83d\ude00<br \/>\nDie Sammlung w\u00e4chst mit der Zeit &#8211; und was es damit<\/p>\n<p><a title=\"Wisch-Heft\" href=\"https:\/\/kreativ.scrapastic.com\/?page_id=809\" target=\"_blank\"><img decoding=\"async\" alt=\"nebenbei Hintergr\u00fcnde gestalten\" src=\"https:\/\/kreativ.scrapastic.com\/wp-content\/uploads\/2013\/krams\/wischheft\/wischheft_6.jpg\" \/><\/a><\/p>\n<p>auf sich hat, kannst Du <a title=\"Wisch-Heft\" href=\"https:\/\/kreativ.scrapastic.com\/?page_id=809\" target=\"_blank\">hier<\/a> nachgucken <a title=\"Wisch-Heft\" href=\"https:\/\/kreativ.scrapastic.com\/?page_id=809\" target=\"_blank\">*klickmich*<\/a><br \/>\nLiebe Gr\u00fcsse,<br \/>\nEure Tumana<\/p>\n","protected":false},"excerpt":{"rendered":"<p>Haben wie jehmals gen\u00fcgend Kartenhintergr\u00fcnde? Also ich nicht. Machen wir also Kartenhintergr\u00fcnde \ud83d\ude00 Die Sammlung w\u00e4chst mit der Zeit &#8211; und was es damit auf sich hat, kannst Du hier nachgucken *klickmich* Liebe Gr\u00fcsse, Eure Tumana<\/p>\n","protected":false},"author":2,"featured_media":0,"parent":223,"menu_order":0,"comment_status":"open","ping_status":"closed","template":"","meta":{"footnotes":""},"class_list":["post-822","page","type-page","status-publish","hentry"],"_links":{"self":[{"href":"https:\/\/kreativ.scrapastic.com\/index.php?rest_route=\/wp\/v2\/pages\/822","targetHints":{"allow":["GET"]}}],"collection":[{"href":"https:\/\/kreativ.scrapastic.com\/index.php?rest_route=\/wp\/v2\/pages"}],"about":[{"href":"https:\/\/kreativ.scrapastic.com\/index.php?rest_route=\/wp\/v2\/types\/page"}],"author":[{"embeddable":true,"href":"https:\/\/kreativ.scrapastic.com\/index.php?rest_route=\/wp\/v2\/users\/2"}],"replies":[{"embeddable":true,"href":"https:\/\/kreativ.scrapastic.com\/index.php?rest_route=%2Fwp%2Fv2%2Fcomments&post=822"}],"version-history":[{"count":4,"href":"https:\/\/kreativ.scrapastic.com\/index.php?rest_route=\/wp\/v2\/pages\/822\/revisions"}],"predecessor-version":[{"id":830,"href":"https:\/\/kreativ.scrapastic.com\/index.php?rest_route=\/wp\/v2\/pages\/822\/revisions\/830"}],"up":[{"embeddable":true,"href":"https:\/\/kreativ.scrapastic.com\/index.php?rest_route=\/wp\/v2\/pages\/223"}],"wp:attachment":[{"href":"https:\/\/kreativ.scrapastic.com\/index.php?rest_route=%2Fwp%2Fv2%2Fmedia&parent=822"}],"curies":[{"name":"wp","href":"https:\/\/api.w.org\/{rel}","templated":true}]}}